{"id":3615,"date":"2022-01-21T22:33:46","date_gmt":"2022-01-21T22:33:46","guid":{"rendered":"https:\/\/axisstars.com\/formulaire-de-demande-de-representant\/"},"modified":"2022-02-06T17:39:55","modified_gmt":"2022-02-06T17:39:55","slug":"formulaire-de-demande-de-representant","status":"publish","type":"page","link":"https:\/\/axisstars.com\/fr\/formulaire-de-demande-de-representant\/","title":{"rendered":"Formulaire de demande de repr\u00e9sentant"},"content":{"rendered":"\n<p>Si vous \u00eates un repr\u00e9sentant de talent dans la communaut\u00e9 AxisStars, vous pouvez postuler pour les rejoindre. Une fois dans l&rsquo;application, ils pourront connecter votre compte au leur afin que vous puissiez voir toutes les opportunit\u00e9s qui les ciblent.<\/p>\n\n<div style=\"height: 1600px;\">\n<iframe height=\"100%\" src=\"https:\/\/docs.google.com\/forms\/d\/e\/1FAIpQLSdVQzDIjRaagmZ82LgRsB8RB486SJ5qYnVrPaZzkRF4MQ8Y-w\/viewform?embedded=true\"><\/iframe>\n<\/div>\n","protected":false},"excerpt":{"rendered":"<p>Si vous \u00eates un repr\u00e9sentant de talent dans la communaut\u00e9 AxisStars, vous pouvez postuler pour les rejoindre. Une fois dans l&rsquo;application, ils pourront connecter votre compte au leur afin que vous puissiez voir toutes les opportunit\u00e9s qui les ciblent.<\/p>\n","protected":false},"author":3,"featured_media":0,"parent":0,"menu_order":0,"comment_status":"closed","ping_status":"closed","template":"","meta":{"_kad_post_transparent":"","_kad_post_title":"","_kad_post_layout":"","_kad_post_sidebar_id":"","_kad_post_content_style":"","_kad_post_vertical_padding":"","_kad_post_feature":"","_kad_post_feature_position":"","_kad_post_header":false,"_kad_post_footer":false,"_kad_post_classname":"","footnotes":""},"class_list":["post-3615","page","type-page","status-publish","hentry"],"yoast_head":"<!-- This site is optimized with the Yoast SEO plugin v27.4 - https:\/\/yoast.com\/product\/yoast-seo-wordpress\/ -->\n<title>Formulaire de demande de repr\u00e9sentant - AxisStars<\/title>\n<meta name=\"robots\" content=\"index, follow, max-snippet:-1, max-image-preview:large, max-video-preview:-1\" \/>\n<link rel=\"canonical\" href=\"https:\/\/axisstars.com\/fr\/formulaire-de-demande-de-representant\/\" \/>\n<meta property=\"og:locale\" content=\"fr_FR\" \/>\n<meta property=\"og:type\" content=\"article\" \/>\n<meta property=\"og:title\" content=\"Formulaire de demande de repr\u00e9sentant - AxisStars\" \/>\n<meta property=\"og:description\" content=\"Si vous \u00eates un repr\u00e9sentant de talent dans la communaut\u00e9 AxisStars, vous pouvez postuler pour les rejoindre. Une fois dans l&rsquo;application, ils pourront connecter votre compte au leur afin que vous puissiez voir toutes les opportunit\u00e9s qui les ciblent.\" \/>\n<meta property=\"og:url\" content=\"https:\/\/axisstars.com\/fr\/formulaire-de-demande-de-representant\/\" \/>\n<meta property=\"og:site_name\" content=\"AxisStars\" \/>\n<meta property=\"article:publisher\" content=\"https:\/\/www.facebook.com\/axisstars\" \/>\n<meta property=\"article:modified_time\" content=\"2022-02-06T17:39:55+00:00\" \/>\n<meta name=\"twitter:card\" content=\"summary_large_image\" \/>\n<meta name=\"twitter:site\" content=\"@axisstars\" \/>\n<script type=\"application\/ld+json\" class=\"yoast-schema-graph\">{\"@context\":\"https:\\\/\\\/schema.org\",\"@graph\":[{\"@type\":\"WebPage\",\"@id\":\"https:\\\/\\\/axisstars.com\\\/fr\\\/formulaire-de-demande-de-representant\\\/\",\"url\":\"https:\\\/\\\/axisstars.com\\\/fr\\\/formulaire-de-demande-de-representant\\\/\",\"name\":\"Formulaire de demande de repr\u00e9sentant - AxisStars\",\"isPartOf\":{\"@id\":\"https:\\\/\\\/axisstars.com\\\/fr\\\/#website\"},\"datePublished\":\"2022-01-21T22:33:46+00:00\",\"dateModified\":\"2022-02-06T17:39:55+00:00\",\"breadcrumb\":{\"@id\":\"https:\\\/\\\/axisstars.com\\\/fr\\\/formulaire-de-demande-de-representant\\\/#breadcrumb\"},\"inLanguage\":\"fr-FR\",\"potentialAction\":[{\"@type\":\"ReadAction\",\"target\":[\"https:\\\/\\\/axisstars.com\\\/fr\\\/formulaire-de-demande-de-representant\\\/\"]}]},{\"@type\":\"BreadcrumbList\",\"@id\":\"https:\\\/\\\/axisstars.com\\\/fr\\\/formulaire-de-demande-de-representant\\\/#breadcrumb\",\"itemListElement\":[{\"@type\":\"ListItem\",\"position\":1,\"name\":\"Home\",\"item\":\"https:\\\/\\\/axisstars.com\\\/fr\\\/\"},{\"@type\":\"ListItem\",\"position\":2,\"name\":\"Formulaire de demande de repr\u00e9sentant\"}]},{\"@type\":\"WebSite\",\"@id\":\"https:\\\/\\\/axisstars.com\\\/fr\\\/#website\",\"url\":\"https:\\\/\\\/axisstars.com\\\/fr\\\/\",\"name\":\"AxisStars\",\"description\":\"The Empowering Community for Pro-Athletes &amp; Entertainers\",\"publisher\":{\"@id\":\"https:\\\/\\\/axisstars.com\\\/fr\\\/#organization\"},\"potentialAction\":[{\"@type\":\"SearchAction\",\"target\":{\"@type\":\"EntryPoint\",\"urlTemplate\":\"https:\\\/\\\/axisstars.com\\\/fr\\\/?s={search_term_string}\"},\"query-input\":{\"@type\":\"PropertyValueSpecification\",\"valueRequired\":true,\"valueName\":\"search_term_string\"}}],\"inLanguage\":\"fr-FR\"},{\"@type\":\"Organization\",\"@id\":\"https:\\\/\\\/axisstars.com\\\/fr\\\/#organization\",\"name\":\"AxisStars\",\"url\":\"https:\\\/\\\/axisstars.com\\\/fr\\\/\",\"logo\":{\"@type\":\"ImageObject\",\"inLanguage\":\"fr-FR\",\"@id\":\"https:\\\/\\\/axisstars.com\\\/fr\\\/#\\\/schema\\\/logo\\\/image\\\/\",\"url\":\"https:\\\/\\\/axisstars.com\\\/wp-content\\\/uploads\\\/2022\\\/01\\\/AxisStars-Favicon.png\",\"contentUrl\":\"https:\\\/\\\/axisstars.com\\\/wp-content\\\/uploads\\\/2022\\\/01\\\/AxisStars-Favicon.png\",\"width\":512,\"height\":512,\"caption\":\"AxisStars\"},\"image\":{\"@id\":\"https:\\\/\\\/axisstars.com\\\/fr\\\/#\\\/schema\\\/logo\\\/image\\\/\"},\"sameAs\":[\"https:\\\/\\\/www.facebook.com\\\/axisstars\",\"https:\\\/\\\/x.com\\\/axisstars\",\"https:\\\/\\\/www.instagram.com\\\/axisstars\",\"https:\\\/\\\/www.linkedin.com\\\/company\\\/axisstars\\\/\",\"https:\\\/\\\/www.youtube.com\\\/channel\\\/UCcWmAT_WqJUn9QrPC_DKeaA\"]}]}<\/script>\n<!-- \/ Yoast SEO plugin. -->","yoast_head_json":{"title":"Formulaire de demande de repr\u00e9sentant - AxisStars","robots":{"index":"index","follow":"follow","max-snippet":"max-snippet:-1","max-image-preview":"max-image-preview:large","max-video-preview":"max-video-preview:-1"},"canonical":"https:\/\/axisstars.com\/fr\/formulaire-de-demande-de-representant\/","og_locale":"fr_FR","og_type":"article","og_title":"Formulaire de demande de repr\u00e9sentant - AxisStars","og_description":"Si vous \u00eates un repr\u00e9sentant de talent dans la communaut\u00e9 AxisStars, vous pouvez postuler pour les rejoindre. Une fois dans l&rsquo;application, ils pourront connecter votre compte au leur afin que vous puissiez voir toutes les opportunit\u00e9s qui les ciblent.","og_url":"https:\/\/axisstars.com\/fr\/formulaire-de-demande-de-representant\/","og_site_name":"AxisStars","article_publisher":"https:\/\/www.facebook.com\/axisstars","article_modified_time":"2022-02-06T17:39:55+00:00","twitter_card":"summary_large_image","twitter_site":"@axisstars","schema":{"@context":"https:\/\/schema.org","@graph":[{"@type":"WebPage","@id":"https:\/\/axisstars.com\/fr\/formulaire-de-demande-de-representant\/","url":"https:\/\/axisstars.com\/fr\/formulaire-de-demande-de-representant\/","name":"Formulaire de demande de repr\u00e9sentant - AxisStars","isPartOf":{"@id":"https:\/\/axisstars.com\/fr\/#website"},"datePublished":"2022-01-21T22:33:46+00:00","dateModified":"2022-02-06T17:39:55+00:00","breadcrumb":{"@id":"https:\/\/axisstars.com\/fr\/formulaire-de-demande-de-representant\/#breadcrumb"},"inLanguage":"fr-FR","potentialAction":[{"@type":"ReadAction","target":["https:\/\/axisstars.com\/fr\/formulaire-de-demande-de-representant\/"]}]},{"@type":"BreadcrumbList","@id":"https:\/\/axisstars.com\/fr\/formulaire-de-demande-de-representant\/#breadcrumb","itemListElement":[{"@type":"ListItem","position":1,"name":"Home","item":"https:\/\/axisstars.com\/fr\/"},{"@type":"ListItem","position":2,"name":"Formulaire de demande de repr\u00e9sentant"}]},{"@type":"WebSite","@id":"https:\/\/axisstars.com\/fr\/#website","url":"https:\/\/axisstars.com\/fr\/","name":"AxisStars","description":"The Empowering Community for Pro-Athletes &amp; Entertainers","publisher":{"@id":"https:\/\/axisstars.com\/fr\/#organization"},"potentialAction":[{"@type":"SearchAction","target":{"@type":"EntryPoint","urlTemplate":"https:\/\/axisstars.com\/fr\/?s={search_term_string}"},"query-input":{"@type":"PropertyValueSpecification","valueRequired":true,"valueName":"search_term_string"}}],"inLanguage":"fr-FR"},{"@type":"Organization","@id":"https:\/\/axisstars.com\/fr\/#organization","name":"AxisStars","url":"https:\/\/axisstars.com\/fr\/","logo":{"@type":"ImageObject","inLanguage":"fr-FR","@id":"https:\/\/axisstars.com\/fr\/#\/schema\/logo\/image\/","url":"https:\/\/axisstars.com\/wp-content\/uploads\/2022\/01\/AxisStars-Favicon.png","contentUrl":"https:\/\/axisstars.com\/wp-content\/uploads\/2022\/01\/AxisStars-Favicon.png","width":512,"height":512,"caption":"AxisStars"},"image":{"@id":"https:\/\/axisstars.com\/fr\/#\/schema\/logo\/image\/"},"sameAs":["https:\/\/www.facebook.com\/axisstars","https:\/\/x.com\/axisstars","https:\/\/www.instagram.com\/axisstars","https:\/\/www.linkedin.com\/company\/axisstars\/","https:\/\/www.youtube.com\/channel\/UCcWmAT_WqJUn9QrPC_DKeaA"]}]}},"_links":{"self":[{"href":"https:\/\/axisstars.com\/fr\/wp-json\/wp\/v2\/pages\/3615","targetHints":{"allow":["GET"]}}],"collection":[{"href":"https:\/\/axisstars.com\/fr\/wp-json\/wp\/v2\/pages"}],"about":[{"href":"https:\/\/axisstars.com\/fr\/wp-json\/wp\/v2\/types\/page"}],"author":[{"embeddable":true,"href":"https:\/\/axisstars.com\/fr\/wp-json\/wp\/v2\/users\/3"}],"replies":[{"embeddable":true,"href":"https:\/\/axisstars.com\/fr\/wp-json\/wp\/v2\/comments?post=3615"}],"version-history":[{"count":0,"href":"https:\/\/axisstars.com\/fr\/wp-json\/wp\/v2\/pages\/3615\/revisions"}],"wp:attachment":[{"href":"https:\/\/axisstars.com\/fr\/wp-json\/wp\/v2\/media?parent=3615"}],"curies":[{"name":"wp","href":"https:\/\/api.w.org\/{rel}","templated":true}]}}